{"id":3,"date":"2022-02-12T14:32:44","date_gmt":"2022-02-12T13:32:44","guid":{"rendered":"http:\/\/dawidlinkowski.pl\/?page_id=3"},"modified":"2022-02-21T23:39:17","modified_gmt":"2022-02-21T22:39:17","slug":"polityka-prywatnosci","status":"publish","type":"page","link":"https:\/\/dawidlinkowski.pl\/?page_id=3","title":{"rendered":"Polityka prywatno\u015bci"},"content":{"rendered":"\t\t<div data-elementor-type=\"wp-page\" data-elementor-id=\"3\" class=\"elementor elementor-3\">\n\t\t\t\t\t\t\t\t\t<section class=\"elementor-section elementor-top-section elementor-element elementor-element-4ff13098 elementor-section-boxed elementor-section-height-default elementor-section-height-default\" data-id=\"4ff13098\" data-element_type=\"section\">\n\t\t\t\t\t\t<div class=\"elementor-container elementor-column-gap-default\">\n\t\t\t\t\t<div class=\"elementor-column elementor-col-100 elementor-top-column elementor-element elementor-element-5fc19b3d\" data-id=\"5fc19b3d\" data-element_type=\"column\">\n\t\t\t<div class=\"elementor-widget-wrap elementor-element-populated\">\n\t\t\t\t\t\t\t\t<div class=\"elementor-element elementor-element-616f6033 elementor-widget elementor-widget-yprm_heading\" data-id=\"616f6033\" data-element_type=\"widget\" data-widget_type=\"yprm_heading.default\">\n\t\t\t\t<div class=\"elementor-widget-container\">\n\t\t\t\t\t\t<div class=\"heading-block tac\">\n\t\t\t\t                  <h2 class=\"h\">Polityka prywatno\u015bci<\/h2>\n        \t\t\t<\/div>\n      \t\t\t\t<\/div>\n\t\t\t\t<\/div>\n\t\t\t\t<div class=\"elementor-element elementor-element-280a6aff elementor-widget-divider--view-line elementor-widget elementor-widget-divider\" data-id=\"280a6aff\" data-element_type=\"widget\" data-widget_type=\"divider.default\">\n\t\t\t\t<div class=\"elementor-widget-container\">\n\t\t\t<style>\/*! elementor - v3.6.6 - 08-06-2022 *\/\n.elementor-widget-divider{--divider-border-style:none;--divider-border-width:1px;--divider-color:#2c2c2c;--divider-icon-size:20px;--divider-element-spacing:10px;--divider-pattern-height:24px;--divider-pattern-size:20px;--divider-pattern-url:none;--divider-pattern-repeat:repeat-x}.elementor-widget-divider .elementor-divider{display:-webkit-box;display:-ms-flexbox;display:flex}.elementor-widget-divider .elementor-divider__text{font-size:15px;line-height:1;max-width:95%}.elementor-widget-divider .elementor-divider__element{margin:0 var(--divider-element-spacing);-ms-flex-negative:0;flex-shrink:0}.elementor-widget-divider .elementor-icon{font-size:var(--divider-icon-size)}.elementor-widget-divider .elementor-divider-separator{display:-webkit-box;display:-ms-flexbox;display:flex;margin:0;direction:ltr}.elementor-widget-divider--view-line_icon .elementor-divider-separator,.elementor-widget-divider--view-line_text .elementor-divider-separator{-webkit-box-align:center;-ms-flex-align:center;align-items:center}.elementor-widget-divider--view-line_icon .elementor-divider-separator:after,.elementor-widget-divider--view-line_icon .elementor-divider-separator:before,.elementor-widget-divider--view-line_text .elementor-divider-separator:after,.elementor-widget-divider--view-line_text .elementor-divider-separator:before{display:block;content:\"\";border-bottom:0;-webkit-box-flex:1;-ms-flex-positive:1;flex-grow:1;border-top:var(--divider-border-width) var(--divider-border-style) var(--divider-color)}.elementor-widget-divider--element-align-left .elementor-divider .elementor-divider-separator>.elementor-divider__svg:first-of-type{-webkit-box-flex:0;-ms-flex-positive:0;flex-grow:0;-ms-flex-negative:100;flex-shrink:100}.elementor-widget-divider--element-align-left .elementor-divider-separator:before{content:none}.elementor-widget-divider--element-align-left .elementor-divider__element{margin-left:0}.elementor-widget-divider--element-align-right .elementor-divider .elementor-divider-separator>.elementor-divider__svg:last-of-type{-webkit-box-flex:0;-ms-flex-positive:0;flex-grow:0;-ms-flex-negative:100;flex-shrink:100}.elementor-widget-divider--element-align-right .elementor-divider-separator:after{content:none}.elementor-widget-divider--element-align-right .elementor-divider__element{margin-right:0}.elementor-widget-divider:not(.elementor-widget-divider--view-line_text):not(.elementor-widget-divider--view-line_icon) .elementor-divider-separator{border-top:var(--divider-border-width) var(--divider-border-style) var(--divider-color)}.elementor-widget-divider--separator-type-pattern{--divider-border-style:none}.elementor-widget-divider--separator-type-pattern.elementor-widget-divider--view-line .elementor-divider-separator,.elementor-widget-divider--separator-type-pattern:not(.elementor-widget-divider--view-line) .elementor-divider-separator:after,.elementor-widget-divider--separator-type-pattern:not(.elementor-widget-divider--view-line) .elementor-divider-separator:before,.elementor-widget-divider--separator-type-pattern:not([class*=elementor-widget-divider--view]) .elementor-divider-separator{width:100%;min-height:var(--divider-pattern-height);-webkit-mask-size:var(--divider-pattern-size) 100%;mask-size:var(--divider-pattern-size) 100%;-webkit-mask-repeat:var(--divider-pattern-repeat);mask-repeat:var(--divider-pattern-repeat);background-color:var(--divider-color);-webkit-mask-image:var(--divider-pattern-url);mask-image:var(--divider-pattern-url)}.elementor-widget-divider--no-spacing{--divider-pattern-size:auto}.elementor-widget-divider--bg-round{--divider-pattern-repeat:round}.rtl .elementor-widget-divider .elementor-divider__text{direction:rtl}<\/style>\t\t<div class=\"elementor-divider\">\n\t\t\t<span class=\"elementor-divider-separator\">\n\t\t\t\t\t\t<\/span>\n\t\t<\/div>\n\t\t\t\t<\/div>\n\t\t\t\t<\/div>\n\t\t\t\t\t<\/div>\n\t\t<\/div>\n\t\t\t\t\t\t\t<\/div>\n\t\t<\/section>\n\t\t\t\t<section class=\"elementor-section elementor-top-section elementor-element elementor-element-a7aa0ee elementor-section-boxed elementor-section-height-default elementor-section-height-default\" data-id=\"a7aa0ee\" data-element_type=\"section\">\n\t\t\t\t\t\t<div class=\"elementor-container elementor-column-gap-default\">\n\t\t\t\t\t<div class=\"elementor-column elementor-col-100 elementor-top-column elementor-element elementor-element-ccd6d62\" data-id=\"ccd6d62\" data-element_type=\"column\">\n\t\t\t<div class=\"elementor-widget-wrap elementor-element-populated\">\n\t\t\t\t\t\t\t\t<div class=\"elementor-element elementor-element-6cda4af8 elementor-widget elementor-widget-yprm_heading\" data-id=\"6cda4af8\" data-element_type=\"widget\" data-widget_type=\"yprm_heading.default\">\n\t\t\t\t<div class=\"elementor-widget-container\">\n\t\t\t\t\t\t<div class=\"heading-block with-line tal\">\n\t\t\t\t                  <h4 class=\"h\">Kim jeste\u015bmy<br \/>\n<span>i nasz polityka prywatno\u015bci<\/span><\/h4>\n        \t\t\t<\/div>\n      \t\t\t\t<\/div>\n\t\t\t\t<\/div>\n\t\t\t\t<div class=\"elementor-element elementor-element-5c08b4c0 elementor-widget elementor-widget-text-editor\" data-id=\"5c08b4c0\" data-element_type=\"widget\" data-widget_type=\"text-editor.default\">\n\t\t\t\t<div class=\"elementor-widget-container\">\n\t\t\t<style>\/*! elementor - v3.6.6 - 08-06-2022 *\/\n.elementor-widget-text-editor.elementor-drop-cap-view-stacked .elementor-drop-cap{background-color:#818a91;color:#fff}.elementor-widget-text-editor.elementor-drop-cap-view-framed .elementor-drop-cap{color:#818a91;border:3px solid;background-color:transparent}.elementor-widget-text-editor:not(.elementor-drop-cap-view-default) .elementor-drop-cap{margin-top:8px}.elementor-widget-text-editor:not(.elementor-drop-cap-view-default) .elementor-drop-cap-letter{width:1em;height:1em}.elementor-widget-text-editor .elementor-drop-cap{float:left;text-align:center;line-height:1;font-size:50px}.elementor-widget-text-editor .elementor-drop-cap-letter{display:inline-block}<\/style>\t\t\t\t<p>Adres naszej strony internetowej to: dawidlinkowski.pl. Niniejsza Polityka Prywatno\u015bci ma na celu zapewnienie poczucia bezpiecze\u0144stwa ka\u017cdemu u\u017cytkownikowi Witryny. Korzystanie z Witryny jest r\u00f3wnoznaczne z akceptacj\u0105 warunk\u00f3w Polityki Prywatno\u015bci.<\/p><ul><li>Na potrzeby lepszego odbioru Polityki Prywatno\u015bci termin \u201eU\u017cytkownik\u201d zosta\u0142 zast\u0105piony okre\u015bleniem \u201eTy\u201d, \u201eAdministrator\u201d \u2013 \u201eMy\u201d. Termin \u201eRODO\u201d oznacza Rozporz\u0105dzenie Parlamentu Europejskiego i Rady (UE) 2016\/679 z dnia 27 kwietnia 2016 r. w sprawie ochrony os\u00f3b fizycznych w zwi\u0105zku z przetwarzaniem danych osobowych i w sprawie swobodnego przep\u0142ywu takich danych oraz uchylenia dyrektywy 95\/46\/WE.<\/li><li>Administrator zaleca korzystanie z najnowszych wersji przegl\u0105darek internetowych. W przypadku korzystania przez U\u017cytkownika ze starszych wersji przegl\u0105darek lub\/i innych ni\u017c najnowsze, kt\u00f3re s\u0105 dost\u0119pne, Administrator nie gwarantuje poprawnego dzia\u0142ania Witryny.<\/li><li>Ochrona danych odbywa si\u0119 zgodnie z wymogami powszechnie obowi\u0105zuj\u0105cych przepis\u00f3w prawa, a ich przechowywanie ma miejsce na zabezpieczonych serwerach.<\/li><li>Dane, w tym dane osobowe, to pozyskane za pomoc\u0105 formularzy od U\u017cytkownika pozostawione w trakcie wizyty w Witrynie. Dane osobowe przetwarzane s\u0105: zgodnie z przepisami dotycz\u0105cymi ochrony danych osobowych, w zakresie i celu zgodnym ze zgod\u0105 wyra\u017con\u0105 przez Ciebie na Witrynie.<\/li><\/ul>\t\t\t\t\t\t<\/div>\n\t\t\t\t<\/div>\n\t\t\t\t\t<\/div>\n\t\t<\/div>\n\t\t\t\t\t\t\t<\/div>\n\t\t<\/section>\n\t\t\t\t<section class=\"elementor-section elementor-top-section elementor-element elementor-element-fc9b6b8 elementor-section-boxed elementor-section-height-default elementor-section-height-default\" data-id=\"fc9b6b8\" data-element_type=\"section\">\n\t\t\t\t\t\t<div class=\"elementor-container elementor-column-gap-default\">\n\t\t\t\t\t<div class=\"elementor-column elementor-col-100 elementor-top-column elementor-element elementor-element-c986cc4\" data-id=\"c986cc4\" data-element_type=\"column\">\n\t\t\t<div class=\"elementor-widget-wrap elementor-element-populated\">\n\t\t\t\t\t\t\t\t<div class=\"elementor-element elementor-element-e63399a elementor-widget elementor-widget-yprm_heading\" data-id=\"e63399a\" data-element_type=\"widget\" data-widget_type=\"yprm_heading.default\">\n\t\t\t\t<div class=\"elementor-widget-container\">\n\t\t\t\t\t\t<div class=\"heading-block with-line tal\">\n\t\t\t\t                  <h4 class=\"h\">Ciasteczka<\/h4>\n        \t\t\t<\/div>\n      \t\t\t\t<\/div>\n\t\t\t\t<\/div>\n\t\t\t\t<div class=\"elementor-element elementor-element-6cbf308 elementor-widget elementor-widget-text-editor\" data-id=\"6cbf308\" data-element_type=\"widget\" data-widget_type=\"text-editor.default\">\n\t\t\t\t<div class=\"elementor-widget-container\">\n\t\t\t\t\t\t\t<ul><li>Witryna u\u017cywa cookies. S\u0105 to niewielkie pliki tekstowe wysy\u0142ane przez serwer www i przechowywane przez oprogramowanie komputera przegl\u0105darki. Kiedy przegl\u0105darka ponownie po\u0142\u0105czy si\u0119 ze stron\u0105, witryna rozpoznaje rodzaj urz\u0105dzenia, z kt\u00f3rego \u0142\u0105czy si\u0119 u\u017cytkownik. Parametry pozwalaj\u0105 na odczytanie informacji w nich zawartych jedynie serwerowi, kt\u00f3ry je utworzy\u0142. Cookies u\u0142atwiaj\u0105 wi\u0119c korzystanie z wcze\u015bniej odwiedzonych witryn.<\/li><li>Cookies, kt\u00f3re s\u0105 przetwarzane analizuj\u0105 anonimowe informacje na temat u\u017cywania Witryny. Cookies pomagaj\u0105 udoskonala\u0107 funkcjonalno\u015b\u0107 witryny i dostosowa\u0107 go lepiej do oczekiwa\u0144 i potrzeb os\u00f3b odwiedzaj\u0105cych. Cookies gromadz\u0105 anonimowe informacje, odnotowuj\u0105 tendencje wyst\u0119puj\u0105ce w witrynie bez identyfikowania poszczeg\u00f3lnych os\u00f3b. Narz\u0119dzia analityczne korzystaj\u0105 z w\u0142asnych cookies do analizowania dzia\u0142a\u0144 os\u00f3b odwiedzaj\u0105cych. Cookies te s\u0142u\u017c\u0105 do przechowywania informacji, np. czasu rozpocz\u0119cia bie\u017c\u0105cych odwiedzin oraz tego, czy osoba odwiedzaj\u0105ca by\u0142a ju\u017c kiedy\u015b na stronie, z jakiej witryny trafi\u0142a, jakiej rozdzielczo\u015bci ekranu jest jej urz\u0105dzenie, jak porusza si\u0119 po stronie etc.<\/li><li>Ka\u017cda osoba przegl\u0105daj\u0105ca witryn\u0119 powinna poprzez modyfikacj\u0119 ustawie\u0144 swojej przegl\u0105darki internetowej zarz\u0105dza\u0107 cookies. Je\u017celi nie chcesz z nich korzysta\u0107 mo\u017cesz uniemo\u017cliwi\u0107 zapisywanie cookies na swoim urz\u0105dzeniu b\u0105d\u017a zapisane pliki trwale usun\u0105\u0107. Informujemy, \u017ce mo\u017ce to jednak wp\u0142yn\u0105\u0107 na pogorszenie jako\u015bci dzia\u0142ania witryny przez brak zbierania cookies i odczytywania na ich podstawie informacji.<\/li><\/ul>\t\t\t\t\t\t<\/div>\n\t\t\t\t<\/div>\n\t\t\t\t\t<\/div>\n\t\t<\/div>\n\t\t\t\t\t\t\t<\/div>\n\t\t<\/section>\n\t\t\t\t\t\t\t<\/div>\n\t\t","protected":false},"excerpt":{"rendered":"<p>Polityka prywatno\u015bci Kim jeste\u015bmy i nasz polityka prywatno\u015bci Adres naszej strony internetowej to: dawidlinkowski.pl. Niniejsza Polityka Prywatno\u015bci ma na celu zapewnienie poczucia bezpiecze\u0144stwa ka\u017cdemu u\u017cytkownikowi Witryny. Korzystanie z Witryny jest r\u00f3wnoznaczne z akceptacj\u0105 warunk\u00f3w Polityki Prywatno\u015bci. Na potrzeby lepszego odbioru Polityki Prywatno\u015bci termin \u201eU\u017cytkownik\u201d zosta\u0142 zast\u0105piony okre\u015bleniem \u201eTy\u201d, \u201eAdministrator\u201d \u2013 \u201eMy\u201d. Termin \u201eRODO\u201d oznacza Rozporz\u0105dzenie [&hellip;]<\/p>\n","protected":false},"author":1,"featured_media":0,"parent":0,"menu_order":0,"comment_status":"closed","ping_status":"open","template":"","meta":[],"acf":[],"yoast_head":"<!-- This site is optimized with the Yoast SEO plugin v19.11 - https:\/\/yoast.com\/wordpress\/plugins\/seo\/ -->\n<title>Polityka prywatno\u015bci - Dawid Linkowski<\/title>\n<meta name=\"robots\" content=\"index, follow, max-snippet:-1, max-image-preview:large, max-video-preview:-1\" \/>\n<link rel=\"canonical\" href=\"https:\/\/dawidlinkowski.pl\/?page_id=3\" \/>\n<meta property=\"og:locale\" content=\"pl_PL\" \/>\n<meta property=\"og:type\" content=\"article\" \/>\n<meta property=\"og:title\" content=\"Polityka prywatno\u015bci - Dawid Linkowski\" \/>\n<meta property=\"og:description\" content=\"Polityka prywatno\u015bci Kim jeste\u015bmy i nasz polityka prywatno\u015bci Adres naszej strony internetowej to: dawidlinkowski.pl. Niniejsza Polityka Prywatno\u015bci ma na celu zapewnienie poczucia bezpiecze\u0144stwa ka\u017cdemu u\u017cytkownikowi Witryny. Korzystanie z Witryny jest r\u00f3wnoznaczne z akceptacj\u0105 warunk\u00f3w Polityki Prywatno\u015bci. Na potrzeby lepszego odbioru Polityki Prywatno\u015bci termin \u201eU\u017cytkownik\u201d zosta\u0142 zast\u0105piony okre\u015bleniem \u201eTy\u201d, \u201eAdministrator\u201d \u2013 \u201eMy\u201d. Termin \u201eRODO\u201d oznacza Rozporz\u0105dzenie [&hellip;]\" \/>\n<meta property=\"og:url\" content=\"https:\/\/dawidlinkowski.pl\/?page_id=3\" \/>\n<meta property=\"og:site_name\" content=\"Dawid Linkowski\" \/>\n<meta property=\"article:publisher\" content=\"https:\/\/www.facebook.com\/artandactionphotography\/\" \/>\n<meta property=\"article:modified_time\" content=\"2022-02-21T22:39:17+00:00\" \/>\n<meta name=\"twitter:card\" content=\"summary_large_image\" \/>\n<meta name=\"twitter:label1\" content=\"Szacowany czas czytania\" \/>\n\t<meta name=\"twitter:data1\" content=\"2 minuty\" \/>\n<script type=\"application\/ld+json\" class=\"yoast-schema-graph\">{\"@context\":\"https:\/\/schema.org\",\"@graph\":[{\"@type\":\"WebPage\",\"@id\":\"https:\/\/dawidlinkowski.pl\/?page_id=3\",\"url\":\"https:\/\/dawidlinkowski.pl\/?page_id=3\",\"name\":\"Polityka prywatno\u015bci - Dawid Linkowski\",\"isPartOf\":{\"@id\":\"https:\/\/dawidlinkowski.pl\/#website\"},\"datePublished\":\"2022-02-12T13:32:44+00:00\",\"dateModified\":\"2022-02-21T22:39:17+00:00\",\"breadcrumb\":{\"@id\":\"https:\/\/dawidlinkowski.pl\/?page_id=3#breadcrumb\"},\"inLanguage\":\"pl-PL\",\"potentialAction\":[{\"@type\":\"ReadAction\",\"target\":[\"https:\/\/dawidlinkowski.pl\/?page_id=3\"]}]},{\"@type\":\"BreadcrumbList\",\"@id\":\"https:\/\/dawidlinkowski.pl\/?page_id=3#breadcrumb\",\"itemListElement\":[{\"@type\":\"ListItem\",\"position\":1,\"name\":\"Strona g\u0142\u00f3wna\",\"item\":\"https:\/\/dawidlinkowski.pl\/\"},{\"@type\":\"ListItem\",\"position\":2,\"name\":\"Polityka prywatno\u015bci\"}]},{\"@type\":\"WebSite\",\"@id\":\"https:\/\/dawidlinkowski.pl\/#website\",\"url\":\"https:\/\/dawidlinkowski.pl\/\",\"name\":\"Dawid Linkowski\",\"description\":\"Art &amp; Action Photography\",\"potentialAction\":[{\"@type\":\"SearchAction\",\"target\":{\"@type\":\"EntryPoint\",\"urlTemplate\":\"https:\/\/dawidlinkowski.pl\/?s={search_term_string}\"},\"query-input\":\"required name=search_term_string\"}],\"inLanguage\":\"pl-PL\"}]}<\/script>\n<!-- \/ Yoast SEO plugin. -->","yoast_head_json":{"title":"Polityka prywatno\u015bci - Dawid Linkowski","robots":{"index":"index","follow":"follow","max-snippet":"max-snippet:-1","max-image-preview":"max-image-preview:large","max-video-preview":"max-video-preview:-1"},"canonical":"https:\/\/dawidlinkowski.pl\/?page_id=3","og_locale":"pl_PL","og_type":"article","og_title":"Polityka prywatno\u015bci - Dawid Linkowski","og_description":"Polityka prywatno\u015bci Kim jeste\u015bmy i nasz polityka prywatno\u015bci Adres naszej strony internetowej to: dawidlinkowski.pl. Niniejsza Polityka Prywatno\u015bci ma na celu zapewnienie poczucia bezpiecze\u0144stwa ka\u017cdemu u\u017cytkownikowi Witryny. Korzystanie z Witryny jest r\u00f3wnoznaczne z akceptacj\u0105 warunk\u00f3w Polityki Prywatno\u015bci. Na potrzeby lepszego odbioru Polityki Prywatno\u015bci termin \u201eU\u017cytkownik\u201d zosta\u0142 zast\u0105piony okre\u015bleniem \u201eTy\u201d, \u201eAdministrator\u201d \u2013 \u201eMy\u201d. Termin \u201eRODO\u201d oznacza Rozporz\u0105dzenie [&hellip;]","og_url":"https:\/\/dawidlinkowski.pl\/?page_id=3","og_site_name":"Dawid Linkowski","article_publisher":"https:\/\/www.facebook.com\/artandactionphotography\/","article_modified_time":"2022-02-21T22:39:17+00:00","twitter_card":"summary_large_image","twitter_misc":{"Szacowany czas czytania":"2 minuty"},"schema":{"@context":"https:\/\/schema.org","@graph":[{"@type":"WebPage","@id":"https:\/\/dawidlinkowski.pl\/?page_id=3","url":"https:\/\/dawidlinkowski.pl\/?page_id=3","name":"Polityka prywatno\u015bci - Dawid Linkowski","isPartOf":{"@id":"https:\/\/dawidlinkowski.pl\/#website"},"datePublished":"2022-02-12T13:32:44+00:00","dateModified":"2022-02-21T22:39:17+00:00","breadcrumb":{"@id":"https:\/\/dawidlinkowski.pl\/?page_id=3#breadcrumb"},"inLanguage":"pl-PL","potentialAction":[{"@type":"ReadAction","target":["https:\/\/dawidlinkowski.pl\/?page_id=3"]}]},{"@type":"BreadcrumbList","@id":"https:\/\/dawidlinkowski.pl\/?page_id=3#breadcrumb","itemListElement":[{"@type":"ListItem","position":1,"name":"Strona g\u0142\u00f3wna","item":"https:\/\/dawidlinkowski.pl\/"},{"@type":"ListItem","position":2,"name":"Polityka prywatno\u015bci"}]},{"@type":"WebSite","@id":"https:\/\/dawidlinkowski.pl\/#website","url":"https:\/\/dawidlinkowski.pl\/","name":"Dawid Linkowski","description":"Art &amp; Action Photography","potentialAction":[{"@type":"SearchAction","target":{"@type":"EntryPoint","urlTemplate":"https:\/\/dawidlinkowski.pl\/?s={search_term_string}"},"query-input":"required name=search_term_string"}],"inLanguage":"pl-PL"}]}},"_links":{"self":[{"href":"https:\/\/dawidlinkowski.pl\/index.php?rest_route=\/wp\/v2\/pages\/3"}],"collection":[{"href":"https:\/\/dawidlinkowski.pl\/index.php?rest_route=\/wp\/v2\/pages"}],"about":[{"href":"https:\/\/dawidlinkowski.pl\/index.php?rest_route=\/wp\/v2\/types\/page"}],"author":[{"embeddable":true,"href":"https:\/\/dawidlinkowski.pl\/index.php?rest_route=\/wp\/v2\/users\/1"}],"replies":[{"embeddable":true,"href":"https:\/\/dawidlinkowski.pl\/index.php?rest_route=%2Fwp%2Fv2%2Fcomments&post=3"}],"version-history":[{"count":12,"href":"https:\/\/dawidlinkowski.pl\/index.php?rest_route=\/wp\/v2\/pages\/3\/revisions"}],"predecessor-version":[{"id":4326,"href":"https:\/\/dawidlinkowski.pl\/index.php?rest_route=\/wp\/v2\/pages\/3\/revisions\/4326"}],"wp:attachment":[{"href":"https:\/\/dawidlinkowski.pl\/index.php?rest_route=%2Fwp%2Fv2%2Fmedia&parent=3"}],"curies":[{"name":"wp","href":"https:\/\/api.w.org\/{rel}","templated":true}]}}